{"id":103,"date":"2022-07-05T18:54:09","date_gmt":"2022-07-05T16:54:09","guid":{"rendered":"https:\/\/poemesasso.fr\/?page_id=103"},"modified":"2022-07-27T18:21:34","modified_gmt":"2022-07-27T16:21:34","slug":"mentions-legales","status":"publish","type":"page","link":"https:\/\/poemesasso.fr\/index.php\/mentions-legales\/","title":{"rendered":"Mentions l\u00e9gales"},"content":{"rendered":"\t\t<div data-elementor-type=\"wp-page\" data-elementor-id=\"103\" class=\"elementor elementor-103\">\n\t\t\t\t\t\t\t\t\t<section class=\"elementor-section elementor-top-section elementor-element elementor-element-5f18b55 elementor-section-boxed elementor-section-height-default elementor-section-height-default\" data-id=\"5f18b55\" data-element_type=\"section\">\n\t\t\t\t\t\t<div class=\"elementor-container elementor-column-gap-default\">\n\t\t\t\t\t<div class=\"elementor-column elementor-col-100 elementor-top-column elementor-element elementor-element-e152a1f\" data-id=\"e152a1f\" data-element_type=\"column\">\n\t\t\t<div class=\"elementor-widget-wrap elementor-element-populated\">\n\t\t\t\t\t\t\t\t<div class=\"elementor-element elementor-element-e0e24ab elementor-widget elementor-widget-heading\" data-id=\"e0e24ab\" data-element_type=\"widget\" data-widget_type=\"heading.default\">\n\t\t\t\t<div class=\"elementor-widget-container\">\n\t\t\t<style>\/*! elementor - v3.6.7 - 03-07-2022 *\/\n.elementor-heading-title{padding:0;margin:0;line-height:1}.elementor-widget-heading .elementor-heading-title[class*=elementor-size-]>a{color:inherit;font-size:inherit;line-height:inherit}.elementor-widget-heading .elementor-heading-title.elementor-size-small{font-size:15px}.elementor-widget-heading .elementor-heading-title.elementor-size-medium{font-size:19px}.elementor-widget-heading .elementor-heading-title.elementor-size-large{font-size:29px}.elementor-widget-heading .elementor-heading-title.elementor-size-xl{font-size:39px}.elementor-widget-heading .elementor-heading-title.elementor-size-xxl{font-size:59px}<\/style><h2 class=\"elementor-heading-title elementor-size-default\">Mentions l\u00e9gales<\/h2>\t\t<\/div>\n\t\t\t\t<\/div>\n\t\t\t\t\t<\/div>\n\t\t<\/div>\n\t\t\t\t\t\t\t<\/div>\n\t\t<\/section>\n\t\t\t\t<section class=\"elementor-section elementor-top-section elementor-element elementor-element-4a04d92 elementor-section-boxed elementor-section-height-default elementor-section-height-default\" data-id=\"4a04d92\" data-element_type=\"section\">\n\t\t\t\t\t\t<div class=\"elementor-container elementor-column-gap-default\">\n\t\t\t\t\t<div class=\"elementor-column elementor-col-100 elementor-top-column elementor-element elementor-element-d105b44\" data-id=\"d105b44\" data-element_type=\"column\">\n\t\t\t<div class=\"elementor-widget-wrap elementor-element-populated\">\n\t\t\t\t\t\t\t\t<div class=\"elementor-element elementor-element-fa60911 elementor-widget elementor-widget-text-editor\" data-id=\"fa60911\" data-element_type=\"widget\" data-widget_type=\"text-editor.default\">\n\t\t\t\t<div class=\"elementor-widget-container\">\n\t\t\t<style>\/*! elementor - v3.6.7 - 03-07-2022 *\/\n.elementor-widget-text-editor.elementor-drop-cap-view-stacked .elementor-drop-cap{background-color:#818a91;color:#fff}.elementor-widget-text-editor.elementor-drop-cap-view-framed .elementor-drop-cap{color:#818a91;border:3px solid;background-color:transparent}.elementor-widget-text-editor:not(.elementor-drop-cap-view-default) .elementor-drop-cap{margin-top:8px}.elementor-widget-text-editor:not(.elementor-drop-cap-view-default) .elementor-drop-cap-letter{width:1em;height:1em}.elementor-widget-text-editor .elementor-drop-cap{float:left;text-align:center;line-height:1;font-size:50px}.elementor-widget-text-editor .elementor-drop-cap-letter{display:inline-block}<\/style>\t\t\t\t<p><span class=\"color1\">Le site de\u00a0<strong>POEMES<\/strong>\u00a0est une oeuvre de l\u2019esprit prot\u00e9g\u00e9e par la l\u00e9gislation fran\u00e7aise et internationale en vigueur sur le droit d\u2019auteur et la propri\u00e9t\u00e9 intellectuelle, litt\u00e9raire et artistique ou autres droits similaires.<\/span><br \/>L\u2019ensemble des \u00e9l\u00e9ments le composant, tels que notamment, mais non exclusivement les mod\u00e8les, logos, images sont prot\u00e9g\u00e9s par les droits de propri\u00e9t\u00e9 intellectuelle et sont la propri\u00e9t\u00e9 exclusive de\u00a0<strong>POEMES<\/strong>.<\/p><p><span class=\"color1\">Ainsi toute diffusion, copie, duplication, modification, transfert, repr\u00e9sentation ou reproduction, int\u00e9grale ou partielle, du site ou de l\u2019un des \u00e9l\u00e9ments qui le composent, de quelque mani\u00e8re et \u00e0 quelque titre que ce soit, et ce\u00a0<strong>sans l\u2019accord de la pr\u00e9sidence de l\u2019association POEMES<\/strong>\u00a0est interdite.<\/span><\/p><p><span class=\"color1\">Malgr\u00e9 tout le soin apport\u00e9 \u00e0 l\u2019\u00e9laboration de ce site et \u00e0 sa mise \u00e0 jour r\u00e9guli\u00e8re,\u00a0<strong>POEMES<\/strong>\u00a0d\u00e9cline toute responsabilit\u00e9 pour toute impr\u00e9cision ou inexactitude portant sur des informations disponibles sur le site, pour tous dommages r\u00e9sultant d\u2019une intrusion d\u2019un tiers ou pour tous dommages r\u00e9sultant de difficult\u00e9s rencontr\u00e9es lors de l\u2019acc\u00e8s \u00e0 son site et\/ou l\u2019utilisation du contenu de ce site.<\/span><\/p><p>Les liens hypertextes mis en place dans le cadre du pr\u00e9sent site web en direction d\u2019autres ressources pr\u00e9sentes sur le r\u00e9seau internet ne sauraient engager la responsabilit\u00e9 de\u00a0<strong>POEMES<\/strong>, ceux-ci \u00e9tant communiqu\u00e9s \u00e0 titre de commodit\u00e9 pour faciliter l\u2019information du public.<\/p>\t\t\t\t\t\t<\/div>\n\t\t\t\t<\/div>\n\t\t\t\t\t<\/div>\n\t\t<\/div>\n\t\t\t\t\t\t\t<\/div>\n\t\t<\/section>\n\t\t\t\t\t\t\t<\/div>\n\t\t","protected":false},"excerpt":{"rendered":"<p>Mentions l\u00e9gales Le site de\u00a0POEMES\u00a0est une oeuvre de l\u2019esprit prot\u00e9g\u00e9e par la l\u00e9gislation fran\u00e7aise et internationale en vigueur sur le droit d\u2019auteur et la propri\u00e9t\u00e9 intellectuelle, litt\u00e9raire et artistique ou autres droits similaires.L\u2019ensemble des \u00e9l\u00e9ments le composant, tels que notamment, mais non exclusivement les mod\u00e8les, logos, images sont prot\u00e9g\u00e9s par les droits de propri\u00e9t\u00e9 intellectuelle [&hellip;]<\/p>\n","protected":false},"author":1,"featured_media":0,"parent":0,"menu_order":0,"comment_status":"closed","ping_status":"closed","template":"elementor_header_footer","meta":{"footnotes":""},"class_list":["post-103","page","type-page","status-publish","hentry"],"_links":{"self":[{"href":"https:\/\/poemesasso.fr\/index.php\/wp-json\/wp\/v2\/pages\/103","targetHints":{"allow":["GET"]}}],"collection":[{"href":"https:\/\/poemesasso.fr\/index.php\/wp-json\/wp\/v2\/pages"}],"about":[{"href":"https:\/\/poemesasso.fr\/index.php\/wp-json\/wp\/v2\/types\/page"}],"author":[{"embeddable":true,"href":"https:\/\/poemesasso.fr\/index.php\/wp-json\/wp\/v2\/users\/1"}],"replies":[{"embeddable":true,"href":"https:\/\/poemesasso.fr\/index.php\/wp-json\/wp\/v2\/comments?post=103"}],"version-history":[{"count":19,"href":"https:\/\/poemesasso.fr\/index.php\/wp-json\/wp\/v2\/pages\/103\/revisions"}],"predecessor-version":[{"id":625,"href":"https:\/\/poemesasso.fr\/index.php\/wp-json\/wp\/v2\/pages\/103\/revisions\/625"}],"wp:attachment":[{"href":"https:\/\/poemesasso.fr\/index.php\/wp-json\/wp\/v2\/media?parent=103"}],"curies":[{"name":"wp","href":"https:\/\/api.w.org\/{rel}","templated":true}]}}