{"id":184,"date":"2022-07-07T22:58:04","date_gmt":"2022-07-07T20:58:04","guid":{"rendered":"https:\/\/poemesasso.fr\/?page_id=184"},"modified":"2025-03-27T20:50:35","modified_gmt":"2025-03-27T19:50:35","slug":"ecologie","status":"publish","type":"page","link":"https:\/\/poemesasso.fr\/index.php\/ecologie\/","title":{"rendered":"Ecologie"},"content":{"rendered":"\t\t<div data-elementor-type=\"wp-page\" data-elementor-id=\"184\" class=\"elementor elementor-184\">\n\t\t\t\t\t\t\t\t\t<section class=\"elementor-section elementor-top-section elementor-element elementor-element-def1cec elementor-section-height-min-height elementor-section-items-stretch elementor-section-content-middle elementor-section-boxed elementor-section-height-default\" data-id=\"def1cec\" data-element_type=\"section\" data-settings=\"{&quot;background_background&quot;:&quot;classic&quot;}\">\n\t\t\t\t\t\t<div class=\"elementor-container elementor-column-gap-no\">\n\t\t\t\t\t<div class=\"elementor-column elementor-col-100 elementor-top-column elementor-element elementor-element-c434f37\" data-id=\"c434f37\" data-element_type=\"column\">\n\t\t\t<div class=\"elementor-widget-wrap\">\n\t\t\t\t\t\t\t\t\t<\/div>\n\t\t<\/div>\n\t\t\t\t\t\t\t<\/div>\n\t\t<\/section>\n\t\t\t\t<section class=\"elementor-section elementor-top-section elementor-element elementor-element-5641a19 elementor-section-boxed elementor-section-height-default elementor-section-height-default\" data-id=\"5641a19\" data-element_type=\"section\">\n\t\t\t\t\t\t<div class=\"elementor-container elementor-column-gap-default\">\n\t\t\t\t\t<div class=\"elementor-column elementor-col-100 elementor-top-column elementor-element elementor-element-a46112b\" data-id=\"a46112b\" data-element_type=\"column\">\n\t\t\t<div class=\"elementor-widget-wrap elementor-element-populated\">\n\t\t\t\t\t\t\t\t<div class=\"elementor-element elementor-element-022bfb3 elementor-widget-divider--view-line elementor-widget elementor-widget-divider\" data-id=\"022bfb3\" data-element_type=\"widget\" data-widget_type=\"divider.default\">\n\t\t\t\t<div class=\"elementor-widget-container\">\n\t\t\t<style>\/*! elementor - v3.6.7 - 03-07-2022 *\/\n.elementor-widget-divider{--divider-border-style:none;--divider-border-width:1px;--divider-color:#2c2c2c;--divider-icon-size:20px;--divider-element-spacing:10px;--divider-pattern-height:24px;--divider-pattern-size:20px;--divider-pattern-url:none;--divider-pattern-repeat:repeat-x}.elementor-widget-divider .elementor-divider{display:-webkit-box;display:-ms-flexbox;display:flex}.elementor-widget-divider .elementor-divider__text{font-size:15px;line-height:1;max-width:95%}.elementor-widget-divider .elementor-divider__element{margin:0 var(--divider-element-spacing);-ms-flex-negative:0;flex-shrink:0}.elementor-widget-divider .elementor-icon{font-size:var(--divider-icon-size)}.elementor-widget-divider .elementor-divider-separator{display:-webkit-box;display:-ms-flexbox;display:flex;margin:0;direction:ltr}.elementor-widget-divider--view-line_icon .elementor-divider-separator,.elementor-widget-divider--view-line_text .elementor-divider-separator{-webkit-box-align:center;-ms-flex-align:center;align-items:center}.elementor-widget-divider--view-line_icon .elementor-divider-separator:after,.elementor-widget-divider--view-line_icon .elementor-divider-separator:before,.elementor-widget-divider--view-line_text .elementor-divider-separator:after,.elementor-widget-divider--view-line_text .elementor-divider-separator:before{display:block;content:\"\";border-bottom:0;-webkit-box-flex:1;-ms-flex-positive:1;flex-grow:1;border-top:var(--divider-border-width) var(--divider-border-style) var(--divider-color)}.elementor-widget-divider--element-align-left .elementor-divider .elementor-divider-separator>.elementor-divider__svg:first-of-type{-webkit-box-flex:0;-ms-flex-positive:0;flex-grow:0;-ms-flex-negative:100;flex-shrink:100}.elementor-widget-divider--element-align-left .elementor-divider-separator:before{content:none}.elementor-widget-divider--element-align-left .elementor-divider__element{margin-left:0}.elementor-widget-divider--element-align-right .elementor-divider .elementor-divider-separator>.elementor-divider__svg:last-of-type{-webkit-box-flex:0;-ms-flex-positive:0;flex-grow:0;-ms-flex-negative:100;flex-shrink:100}.elementor-widget-divider--element-align-right .elementor-divider-separator:after{content:none}.elementor-widget-divider--element-align-right .elementor-divider__element{margin-right:0}.elementor-widget-divider:not(.elementor-widget-divider--view-line_text):not(.elementor-widget-divider--view-line_icon) .elementor-divider-separator{border-top:var(--divider-border-width) var(--divider-border-style) var(--divider-color)}.elementor-widget-divider--separator-type-pattern{--divider-border-style:none}.elementor-widget-divider--separator-type-pattern.elementor-widget-divider--view-line .elementor-divider-separator,.elementor-widget-divider--separator-type-pattern:not(.elementor-widget-divider--view-line) .elementor-divider-separator:after,.elementor-widget-divider--separator-type-pattern:not(.elementor-widget-divider--view-line) .elementor-divider-separator:before,.elementor-widget-divider--separator-type-pattern:not([class*=elementor-widget-divider--view]) .elementor-divider-separator{width:100%;min-height:var(--divider-pattern-height);-webkit-mask-size:var(--divider-pattern-size) 100%;mask-size:var(--divider-pattern-size) 100%;-webkit-mask-repeat:var(--divider-pattern-repeat);mask-repeat:var(--divider-pattern-repeat);background-color:var(--divider-color);-webkit-mask-image:var(--divider-pattern-url);mask-image:var(--divider-pattern-url)}.elementor-widget-divider--no-spacing{--divider-pattern-size:auto}.elementor-widget-divider--bg-round{--divider-pattern-repeat:round}.rtl .elementor-widget-divider .elementor-divider__text{direction:rtl}<\/style>\t\t<div class=\"elementor-divider\">\n\t\t\t<span class=\"elementor-divider-separator\">\n\t\t\t\t\t\t<\/span>\n\t\t<\/div>\n\t\t\t\t<\/div>\n\t\t\t\t<\/div>\n\t\t\t\t\t<\/div>\n\t\t<\/div>\n\t\t\t\t\t\t\t<\/div>\n\t\t<\/section>\n\t\t\t\t<section class=\"elementor-section elementor-top-section elementor-element elementor-element-fe14ebb elementor-section-boxed elementor-section-height-default elementor-section-height-default\" data-id=\"fe14ebb\" data-element_type=\"section\">\n\t\t\t\t\t\t<div class=\"elementor-container elementor-column-gap-default\">\n\t\t\t\t\t<div class=\"elementor-column elementor-col-50 elementor-top-column elementor-element elementor-element-5cc4141\" data-id=\"5cc4141\" data-element_type=\"column\">\n\t\t\t<div class=\"elementor-widget-wrap elementor-element-populated\">\n\t\t\t\t\t\t\t\t<div class=\"elementor-element elementor-element-68265d7 elementor-widget elementor-widget-image\" data-id=\"68265d7\" data-element_type=\"widget\" data-widget_type=\"image.default\">\n\t\t\t\t<div class=\"elementor-widget-container\">\n\t\t\t<style>\/*! elementor - v3.6.7 - 03-07-2022 *\/\n.elementor-widget-image{text-align:center}.elementor-widget-image a{display:inline-block}.elementor-widget-image a img[src$=\".svg\"]{width:48px}.elementor-widget-image img{vertical-align:middle;display:inline-block}<\/style>\t\t\t\t\t\t\t\t\t\t\t\t<img loading=\"lazy\" decoding=\"async\" width=\"300\" height=\"300\" src=\"https:\/\/poemesasso.fr\/wp-content\/uploads\/2022\/07\/25-300x300.png\" class=\"attachment-medium size-medium\" alt=\"\" srcset=\"https:\/\/poemesasso.fr\/wp-content\/uploads\/2022\/07\/25-300x300.png 300w, https:\/\/poemesasso.fr\/wp-content\/uploads\/2022\/07\/25-1024x1024.png 1024w, https:\/\/poemesasso.fr\/wp-content\/uploads\/2022\/07\/25-150x150.png 150w, https:\/\/poemesasso.fr\/wp-content\/uploads\/2022\/07\/25-768x768.png 768w, https:\/\/poemesasso.fr\/wp-content\/uploads\/2022\/07\/25.png 1080w\" sizes=\"auto, (max-width: 300px) 100vw, 300px\" \/>\t\t\t\t\t\t\t\t\t\t\t\t\t\t\t<\/div>\n\t\t\t\t<\/div>\n\t\t\t\t\t<\/div>\n\t\t<\/div>\n\t\t\t\t<div class=\"elementor-column elementor-col-50 elementor-top-column elementor-element elementor-element-0144a74\" data-id=\"0144a74\" data-element_type=\"column\">\n\t\t\t<div class=\"elementor-widget-wrap elementor-element-populated\">\n\t\t\t\t\t\t\t\t<div class=\"elementor-element elementor-element-f126ce3 elementor-widget elementor-widget-text-editor\" data-id=\"f126ce3\" data-element_type=\"widget\" data-widget_type=\"text-editor.default\">\n\t\t\t\t<div class=\"elementor-widget-container\">\n\t\t\t<style>\/*! elementor - v3.6.7 - 03-07-2022 *\/\n.elementor-widget-text-editor.elementor-drop-cap-view-stacked .elementor-drop-cap{background-color:#818a91;color:#fff}.elementor-widget-text-editor.elementor-drop-cap-view-framed .elementor-drop-cap{color:#818a91;border:3px solid;background-color:transparent}.elementor-widget-text-editor:not(.elementor-drop-cap-view-default) .elementor-drop-cap{margin-top:8px}.elementor-widget-text-editor:not(.elementor-drop-cap-view-default) .elementor-drop-cap-letter{width:1em;height:1em}.elementor-widget-text-editor .elementor-drop-cap{float:left;text-align:center;line-height:1;font-size:50px}.elementor-widget-text-editor .elementor-drop-cap-letter{display:inline-block}<\/style>\t\t\t\t<p>En passant par la pr\u00e9vention et des actions concr\u00e8tes, POEMES s\u2019inscrit dans une volont\u00e9 de respecter l\u2019environnement et de lutter contre le d\u00e9r\u00e8glement climatique.<\/p><p>Toute l\u2019ann\u00e9e, des actions \u00e9cologiques ont lieu : clean walks, distributions de protections hygi\u00e9niques \u00e0 prix libre respectueuses de l\u2019environnement, friperies solidaires, etc&#8230;<\/p><p><strong>En bref, le p\u00f4le \u00e9cologie, c\u2019est\u00a0des \u00e9tudiant.e.s qui se mobilisent pour l\u2019environnement\u00a0!<\/strong><\/p>\t\t\t\t\t\t<\/div>\n\t\t\t\t<\/div>\n\t\t\t\t\t<\/div>\n\t\t<\/div>\n\t\t\t\t\t\t\t<\/div>\n\t\t<\/section>\n\t\t\t\t<section class=\"elementor-section elementor-top-section elementor-element elementor-element-a55aa8a elementor-section-boxed elementor-section-height-default elementor-section-height-default\" data-id=\"a55aa8a\" data-element_type=\"section\">\n\t\t\t\t\t\t<div class=\"elementor-container elementor-column-gap-default\">\n\t\t\t\t\t<div class=\"elementor-column elementor-col-100 elementor-top-column elementor-element elementor-element-4fe307b\" data-id=\"4fe307b\" data-element_type=\"column\">\n\t\t\t<div class=\"elementor-widget-wrap elementor-element-populated\">\n\t\t\t\t\t\t\t\t<div class=\"elementor-element elementor-element-5939476 elementor-widget-divider--view-line elementor-widget elementor-widget-divider\" data-id=\"5939476\" data-element_type=\"widget\" data-widget_type=\"divider.default\">\n\t\t\t\t<div class=\"elementor-widget-container\">\n\t\t\t\t\t<div class=\"elementor-divider\">\n\t\t\t<span class=\"elementor-divider-separator\">\n\t\t\t\t\t\t<\/span>\n\t\t<\/div>\n\t\t\t\t<\/div>\n\t\t\t\t<\/div>\n\t\t\t\t<div class=\"elementor-element elementor-element-c2d87ba elementor-widget elementor-widget-heading\" data-id=\"c2d87ba\" data-element_type=\"widget\" data-widget_type=\"heading.default\">\n\t\t\t\t<div class=\"elementor-widget-container\">\n\t\t\t<style>\/*! elementor - v3.6.7 - 03-07-2022 *\/\n.elementor-heading-title{padding:0;margin:0;line-height:1}.elementor-widget-heading .elementor-heading-title[class*=elementor-size-]>a{color:inherit;font-size:inherit;line-height:inherit}.elementor-widget-heading .elementor-heading-title.elementor-size-small{font-size:15px}.elementor-widget-heading .elementor-heading-title.elementor-size-medium{font-size:19px}.elementor-widget-heading .elementor-heading-title.elementor-size-large{font-size:29px}.elementor-widget-heading .elementor-heading-title.elementor-size-xl{font-size:39px}.elementor-widget-heading .elementor-heading-title.elementor-size-xxl{font-size:59px}<\/style><h2 class=\"elementor-heading-title elementor-size-xl\">Nos projets<\/h2>\t\t<\/div>\n\t\t\t\t<\/div>\n\t\t\t\t\t<\/div>\n\t\t<\/div>\n\t\t\t\t\t\t\t<\/div>\n\t\t<\/section>\n\t\t\t\t<section class=\"elementor-section elementor-top-section elementor-element elementor-element-3594c03 elementor-section-content-middle elementor-section-boxed elementor-section-height-default elementor-section-height-default\" data-id=\"3594c03\" data-element_type=\"section\">\n\t\t\t\t\t\t<div class=\"elementor-container elementor-column-gap-default\">\n\t\t\t\t\t<div class=\"elementor-column elementor-col-50 elementor-top-column elementor-element elementor-element-773cb12\" data-id=\"773cb12\" data-element_type=\"column\">\n\t\t\t<div class=\"elementor-widget-wrap elementor-element-populated\">\n\t\t\t\t\t\t\t\t<div class=\"elementor-element elementor-element-a5000f4 e-transform elementor-invisible elementor-widget elementor-widget-image\" data-id=\"a5000f4\" data-element_type=\"widget\" data-settings=\"{&quot;_animation&quot;:&quot;fadeInLeft&quot;,&quot;_transform_scale_effect_hover&quot;:{&quot;unit&quot;:&quot;px&quot;,&quot;size&quot;:1.1,&quot;sizes&quot;:[]},&quot;_transform_scale_effect_hover_tablet&quot;:{&quot;unit&quot;:&quot;px&quot;,&quot;size&quot;:&quot;&quot;,&quot;sizes&quot;:[]},&quot;_transform_scale_effect_hover_mobile&quot;:{&quot;unit&quot;:&quot;px&quot;,&quot;size&quot;:&quot;&quot;,&quot;sizes&quot;:[]}}\" data-widget_type=\"image.default\">\n\t\t\t\t<div class=\"elementor-widget-container\">\n\t\t\t\t\t\t\t\t\t\t\t\t\t\t\t<img loading=\"lazy\" decoding=\"async\" width=\"800\" height=\"800\" src=\"https:\/\/poemesasso.fr\/wp-content\/uploads\/2022\/07\/cleanwalk-1024x1024.png\" class=\"attachment-large size-large\" alt=\"\" srcset=\"https:\/\/poemesasso.fr\/wp-content\/uploads\/2022\/07\/cleanwalk-1024x1024.png 1024w, https:\/\/poemesasso.fr\/wp-content\/uploads\/2022\/07\/cleanwalk-300x300.png 300w, https:\/\/poemesasso.fr\/wp-content\/uploads\/2022\/07\/cleanwalk-150x150.png 150w, https:\/\/poemesasso.fr\/wp-content\/uploads\/2022\/07\/cleanwalk-768x768.png 768w, https:\/\/poemesasso.fr\/wp-content\/uploads\/2022\/07\/cleanwalk.png 1080w\" sizes=\"auto, (max-width: 800px) 100vw, 800px\" \/>\t\t\t\t\t\t\t\t\t\t\t\t\t\t\t<\/div>\n\t\t\t\t<\/div>\n\t\t\t\t\t<\/div>\n\t\t<\/div>\n\t\t\t\t<div class=\"elementor-column elementor-col-50 elementor-top-column elementor-element elementor-element-5672d62\" data-id=\"5672d62\" data-element_type=\"column\">\n\t\t\t<div class=\"elementor-widget-wrap elementor-element-populated\">\n\t\t\t\t\t\t\t\t<div class=\"elementor-element elementor-element-a2275e4 elementor-widget elementor-widget-heading\" data-id=\"a2275e4\" data-element_type=\"widget\" data-widget_type=\"heading.default\">\n\t\t\t\t<div class=\"elementor-widget-container\">\n\t\t\t<h2 class=\"elementor-heading-title elementor-size-xl\">Clean Walk<\/h2>\t\t<\/div>\n\t\t\t\t<\/div>\n\t\t\t\t<div class=\"elementor-element elementor-element-304ba9b elementor-widget elementor-widget-text-editor\" data-id=\"304ba9b\" data-element_type=\"widget\" data-widget_type=\"text-editor.default\">\n\t\t\t\t<div class=\"elementor-widget-container\">\n\t\t\t\t\t\t\t<p>Une <strong>clean walk<\/strong> est un \u00e9v\u00e8nement qui regroupe des \u00e9tudiant.e.s qui se mobilisent ensemble pour ramasser les <strong>d\u00e9chets<\/strong> d\u2019un lieu. Chacun se munit de gants et de sacs poubelles afin de <strong>nettoyer<\/strong> un endroit qui \u00e9tait pollu\u00e9 et sale.<\/p>\t\t\t\t\t\t<\/div>\n\t\t\t\t<\/div>\n\t\t\t\t\t<\/div>\n\t\t<\/div>\n\t\t\t\t\t\t\t<\/div>\n\t\t<\/section>\n\t\t\t\t<section class=\"elementor-section elementor-top-section elementor-element elementor-element-21b2ebe elementor-section-boxed elementor-section-height-default elementor-section-height-default\" data-id=\"21b2ebe\" data-element_type=\"section\">\n\t\t\t\t\t\t<div class=\"elementor-container elementor-column-gap-default\">\n\t\t\t\t\t<div class=\"elementor-column elementor-col-50 elementor-top-column elementor-element elementor-element-14f242f\" data-id=\"14f242f\" data-element_type=\"column\">\n\t\t\t<div class=\"elementor-widget-wrap elementor-element-populated\">\n\t\t\t\t\t\t\t\t<div class=\"elementor-element elementor-element-9e726b5 elementor-widget elementor-widget-heading\" data-id=\"9e726b5\" data-element_type=\"widget\" data-widget_type=\"heading.default\">\n\t\t\t\t<div class=\"elementor-widget-container\">\n\t\t\t<h2 class=\"elementor-heading-title elementor-size-xl\">Pr\u00e9carit\u00e9 menstruelle<\/h2>\t\t<\/div>\n\t\t\t\t<\/div>\n\t\t\t\t<div class=\"elementor-element elementor-element-523e7d5 elementor-widget elementor-widget-text-editor\" data-id=\"523e7d5\" data-element_type=\"widget\" data-widget_type=\"text-editor.default\">\n\t\t\t\t<div class=\"elementor-widget-container\">\n\t\t\t\t\t\t\t<p>La <strong>pr\u00e9carit\u00e9 menstruelle<\/strong> est un projet important de l\u2019association POEMES. Il s\u2019inscrit dans une d\u00e9marche <strong>solidaire<\/strong> et <strong>\u00e9cologique<\/strong>. Les deux axes principaux du projet sont :<\/p><ul><li><strong>l\u2019acc\u00e8s aux protections menstruelles<\/strong> pour tou.te.s et en particulier aux \u00e9tudiant.e.s en situation de pr\u00e9carit\u00e9<\/li><li>la promotion de <strong>protections menstruelles \u00e9cologiques<\/strong>.<\/li><\/ul><p>Concr\u00e8tement, POEMES organise des <strong>ventes \u00e0 prix libres<\/strong> de <strong>serviettes lavables, cups, serviettes et tampons jetables biologiques<\/strong> accessibles \u00e0 tou.te.s les \u00e9tudiant.e.s de l\u2019UVSQ. L\u2019association organise \u00e9galement des <strong>ateliers couture<\/strong> pour apprendre aux \u00e9tudiant.e.s \u00e0 confectionner leurs propres serviettes lavables et fait de la pr\u00e9vention sur la th\u00e9matique des r\u00e8gles.<\/p>\t\t\t\t\t\t<\/div>\n\t\t\t\t<\/div>\n\t\t\t\t\t<\/div>\n\t\t<\/div>\n\t\t\t\t<div class=\"elementor-column elementor-col-50 elementor-top-column elementor-element elementor-element-4ea06a5\" data-id=\"4ea06a5\" data-element_type=\"column\">\n\t\t\t<div class=\"elementor-widget-wrap elementor-element-populated\">\n\t\t\t\t\t\t\t\t<div class=\"elementor-element elementor-element-618199c e-transform elementor-invisible elementor-widget elementor-widget-image\" data-id=\"618199c\" data-element_type=\"widget\" data-settings=\"{&quot;_animation&quot;:&quot;fadeInRight&quot;,&quot;_transform_scale_effect_hover&quot;:{&quot;unit&quot;:&quot;px&quot;,&quot;size&quot;:1.1,&quot;sizes&quot;:[]},&quot;_transform_scale_effect_hover_tablet&quot;:{&quot;unit&quot;:&quot;px&quot;,&quot;size&quot;:&quot;&quot;,&quot;sizes&quot;:[]},&quot;_transform_scale_effect_hover_mobile&quot;:{&quot;unit&quot;:&quot;px&quot;,&quot;size&quot;:&quot;&quot;,&quot;sizes&quot;:[]}}\" data-widget_type=\"image.default\">\n\t\t\t\t<div class=\"elementor-widget-container\">\n\t\t\t\t\t\t\t\t\t\t\t\t\t\t\t<img loading=\"lazy\" decoding=\"async\" width=\"800\" height=\"800\" src=\"https:\/\/poemesasso.fr\/wp-content\/uploads\/2022\/07\/preca_mens-1024x1024.png\" class=\"attachment-large size-large\" alt=\"\" srcset=\"https:\/\/poemesasso.fr\/wp-content\/uploads\/2022\/07\/preca_mens-1024x1024.png 1024w, https:\/\/poemesasso.fr\/wp-content\/uploads\/2022\/07\/preca_mens-300x300.png 300w, https:\/\/poemesasso.fr\/wp-content\/uploads\/2022\/07\/preca_mens-150x150.png 150w, https:\/\/poemesasso.fr\/wp-content\/uploads\/2022\/07\/preca_mens-768x768.png 768w, https:\/\/poemesasso.fr\/wp-content\/uploads\/2022\/07\/preca_mens.png 1080w\" sizes=\"auto, (max-width: 800px) 100vw, 800px\" \/>\t\t\t\t\t\t\t\t\t\t\t\t\t\t\t<\/div>\n\t\t\t\t<\/div>\n\t\t\t\t\t<\/div>\n\t\t<\/div>\n\t\t\t\t\t\t\t<\/div>\n\t\t<\/section>\n\t\t\t\t<section class=\"elementor-section elementor-top-section elementor-element elementor-element-0238bfa elementor-section-content-middle elementor-section-boxed elementor-section-height-default elementor-section-height-default\" data-id=\"0238bfa\" data-element_type=\"section\">\n\t\t\t\t\t\t<div class=\"elementor-container elementor-column-gap-default\">\n\t\t\t\t\t<div class=\"elementor-column elementor-col-50 elementor-top-column elementor-element elementor-element-510119e\" data-id=\"510119e\" data-element_type=\"column\">\n\t\t\t<div class=\"elementor-widget-wrap elementor-element-populated\">\n\t\t\t\t\t\t\t\t<div class=\"elementor-element elementor-element-220e32e e-transform elementor-invisible elementor-widget elementor-widget-image\" data-id=\"220e32e\" data-element_type=\"widget\" data-settings=\"{&quot;_animation&quot;:&quot;fadeInLeft&quot;,&quot;_transform_scale_effect_hover&quot;:{&quot;unit&quot;:&quot;px&quot;,&quot;size&quot;:1.1,&quot;sizes&quot;:[]},&quot;_transform_scale_effect_hover_tablet&quot;:{&quot;unit&quot;:&quot;px&quot;,&quot;size&quot;:&quot;&quot;,&quot;sizes&quot;:[]},&quot;_transform_scale_effect_hover_mobile&quot;:{&quot;unit&quot;:&quot;px&quot;,&quot;size&quot;:&quot;&quot;,&quot;sizes&quot;:[]}}\" data-widget_type=\"image.default\">\n\t\t\t\t<div class=\"elementor-widget-container\">\n\t\t\t\t\t\t\t\t\t\t\t\t\t\t\t<img loading=\"lazy\" decoding=\"async\" width=\"800\" height=\"800\" src=\"https:\/\/poemesasso.fr\/wp-content\/uploads\/2022\/07\/ecosia-1024x1024.png\" class=\"attachment-large size-large\" alt=\"\" srcset=\"https:\/\/poemesasso.fr\/wp-content\/uploads\/2022\/07\/ecosia-1024x1024.png 1024w, https:\/\/poemesasso.fr\/wp-content\/uploads\/2022\/07\/ecosia-300x300.png 300w, https:\/\/poemesasso.fr\/wp-content\/uploads\/2022\/07\/ecosia-150x150.png 150w, https:\/\/poemesasso.fr\/wp-content\/uploads\/2022\/07\/ecosia-768x768.png 768w, https:\/\/poemesasso.fr\/wp-content\/uploads\/2022\/07\/ecosia.png 1080w\" sizes=\"auto, (max-width: 800px) 100vw, 800px\" \/>\t\t\t\t\t\t\t\t\t\t\t\t\t\t\t<\/div>\n\t\t\t\t<\/div>\n\t\t\t\t\t<\/div>\n\t\t<\/div>\n\t\t\t\t<div class=\"elementor-column elementor-col-50 elementor-top-column elementor-element elementor-element-4c648e7\" data-id=\"4c648e7\" data-element_type=\"column\">\n\t\t\t<div class=\"elementor-widget-wrap elementor-element-populated\">\n\t\t\t\t\t\t\t\t<div class=\"elementor-element elementor-element-2d69fe0 elementor-widget elementor-widget-heading\" data-id=\"2d69fe0\" data-element_type=\"widget\" data-widget_type=\"heading.default\">\n\t\t\t\t<div class=\"elementor-widget-container\">\n\t\t\t<h2 class=\"elementor-heading-title elementor-size-xl\">Ecosia<\/h2>\t\t<\/div>\n\t\t\t\t<\/div>\n\t\t\t\t<div class=\"elementor-element elementor-element-e4b8551 elementor-widget elementor-widget-text-editor\" data-id=\"e4b8551\" data-element_type=\"widget\" data-widget_type=\"text-editor.default\">\n\t\t\t\t<div class=\"elementor-widget-container\">\n\t\t\t\t\t\t\t<p>Vous voulez planter des arbres tout en surfant sur le web\u00a0?\u00a0On a la solution pour vous\u00a0:\u00a0<strong>ECOSIA<\/strong>\u00a0!<\/p><p>Ecosia est un moteur de recherche qui reverse 80% de ses b\u00e9n\u00e9fices \u00e0 des associations \u00e0 but non lucratif qui \u0153uvrent \u00e0 la reforestation.<\/p><p>Ecosia\u00a0c\u2019est :<\/p><ul><li>Surfer sur internet de mani\u00e8re responsable<\/li><li>Participer \u00e0 la reforestation\u00a0:<ul><li>0,8 secondes pour replanter un arbre<\/li><li>D\u00e9j\u00e0 plus de 100 millions d\u2019arbres plant\u00e9s dans plus de 25 pays<\/li><\/ul><\/li><li>Un bilan carbone n\u00e9gatif\u00a0: chacune de vos recherches permet d\u2019\u00e9liminer environ 1 kg de CO<sub>2<\/sub>\u00a0de l\u2019atmosph\u00e8re<\/li><li>L\u2019assurance d\u2019avoir ses donn\u00e9es prot\u00e9g\u00e9es\u00a0: pas de vente de vos donn\u00e9es personnelles aux annonceurs<\/li><\/ul>\t\t\t\t\t\t<\/div>\n\t\t\t\t<\/div>\n\t\t\t\t<div class=\"elementor-element elementor-element-906be43 elementor-align-center elementor-widget elementor-widget-button\" data-id=\"906be43\" data-element_type=\"widget\" data-widget_type=\"button.default\">\n\t\t\t\t<div class=\"elementor-widget-container\">\n\t\t\t\t\t<div class=\"elementor-button-wrapper\">\n\t\t\t<a href=\"https:\/\/www.ecosia.org\/?c=fr\" class=\"elementor-button-link elementor-button elementor-size-xs\" role=\"button\">\n\t\t\t\t\t\t<span class=\"elementor-button-content-wrapper\">\n\t\t\t\t\t\t<span class=\"elementor-button-text\">Ecosia - Lien du web<\/span>\n\t\t<\/span>\n\t\t\t\t\t<\/a>\n\t\t<\/div>\n\t\t\t\t<\/div>\n\t\t\t\t<\/div>\n\t\t\t\t\t<\/div>\n\t\t<\/div>\n\t\t\t\t\t\t\t<\/div>\n\t\t<\/section>\n\t\t\t\t\t\t\t<\/div>\n\t\t","protected":false},"excerpt":{"rendered":"<p>En passant par la pr\u00e9vention et des actions concr\u00e8tes, POEMES s\u2019inscrit dans une volont\u00e9 de respecter l\u2019environnement et de lutter contre le d\u00e9r\u00e8glement climatique. Toute l\u2019ann\u00e9e, des actions \u00e9cologiques ont lieu : clean walks, distributions de protections hygi\u00e9niques \u00e0 prix libre respectueuses de l\u2019environnement, friperies solidaires, etc&#8230; En bref, le p\u00f4le \u00e9cologie, c\u2019est\u00a0des \u00e9tudiant.e.s qui [&hellip;]<\/p>\n","protected":false},"author":1,"featured_media":0,"parent":0,"menu_order":0,"comment_status":"closed","ping_status":"closed","template":"elementor_header_footer","meta":{"footnotes":""},"class_list":["post-184","page","type-page","status-publish","hentry"],"_links":{"self":[{"href":"https:\/\/poemesasso.fr\/index.php\/wp-json\/wp\/v2\/pages\/184","targetHints":{"allow":["GET"]}}],"collection":[{"href":"https:\/\/poemesasso.fr\/index.php\/wp-json\/wp\/v2\/pages"}],"about":[{"href":"https:\/\/poemesasso.fr\/index.php\/wp-json\/wp\/v2\/types\/page"}],"author":[{"embeddable":true,"href":"https:\/\/poemesasso.fr\/index.php\/wp-json\/wp\/v2\/users\/1"}],"replies":[{"embeddable":true,"href":"https:\/\/poemesasso.fr\/index.php\/wp-json\/wp\/v2\/comments?post=184"}],"version-history":[{"count":145,"href":"https:\/\/poemesasso.fr\/index.php\/wp-json\/wp\/v2\/pages\/184\/revisions"}],"predecessor-version":[{"id":1545,"href":"https:\/\/poemesasso.fr\/index.php\/wp-json\/wp\/v2\/pages\/184\/revisions\/1545"}],"wp:attachment":[{"href":"https:\/\/poemesasso.fr\/index.php\/wp-json\/wp\/v2\/media?parent=184"}],"curies":[{"name":"wp","href":"https:\/\/api.w.org\/{rel}","templated":true}]}}