{"id":266,"date":"2022-07-08T11:08:17","date_gmt":"2022-07-08T09:08:17","guid":{"rendered":"https:\/\/poemesasso.fr\/?page_id=266"},"modified":"2025-03-27T18:50:51","modified_gmt":"2025-03-27T17:50:51","slug":"hopital-des-nounours","status":"publish","type":"page","link":"https:\/\/poemesasso.fr\/index.php\/hopital-des-nounours\/","title":{"rendered":"H\u00f4pital des nounours"},"content":{"rendered":"\t\t<div data-elementor-type=\"wp-page\" data-elementor-id=\"266\" class=\"elementor elementor-266\">\n\t\t\t\t\t\t\t\t\t<section class=\"elementor-section elementor-top-section elementor-element elementor-element-2dd9ce5 elementor-section-boxed elementor-section-height-default elementor-section-height-default\" data-id=\"2dd9ce5\" data-element_type=\"section\">\n\t\t\t\t\t\t<div class=\"elementor-container elementor-column-gap-default\">\n\t\t\t\t\t<div class=\"elementor-column elementor-col-100 elementor-top-column elementor-element elementor-element-6b85c30\" data-id=\"6b85c30\" data-element_type=\"column\">\n\t\t\t<div class=\"elementor-widget-wrap elementor-element-populated\">\n\t\t\t\t\t\t\t\t<div class=\"elementor-element elementor-element-d212ef2 elementor-widget elementor-widget-heading\" data-id=\"d212ef2\" data-element_type=\"widget\" data-widget_type=\"heading.default\">\n\t\t\t\t<div class=\"elementor-widget-container\">\n\t\t\t<style>\/*! elementor - v3.6.7 - 03-07-2022 *\/\n.elementor-heading-title{padding:0;margin:0;line-height:1}.elementor-widget-heading .elementor-heading-title[class*=elementor-size-]>a{color:inherit;font-size:inherit;line-height:inherit}.elementor-widget-heading .elementor-heading-title.elementor-size-small{font-size:15px}.elementor-widget-heading .elementor-heading-title.elementor-size-medium{font-size:19px}.elementor-widget-heading .elementor-heading-title.elementor-size-large{font-size:29px}.elementor-widget-heading .elementor-heading-title.elementor-size-xl{font-size:39px}.elementor-widget-heading .elementor-heading-title.elementor-size-xxl{font-size:59px}<\/style><h2 class=\"elementor-heading-title elementor-size-default\">L'h\u00f4pital des nounours<\/h2>\t\t<\/div>\n\t\t\t\t<\/div>\n\t\t\t\t\t<\/div>\n\t\t<\/div>\n\t\t\t\t\t\t\t<\/div>\n\t\t<\/section>\n\t\t\t\t<section class=\"elementor-section elementor-top-section elementor-element elementor-element-b14aa4b elementor-section-boxed elementor-section-height-default elementor-section-height-default\" data-id=\"b14aa4b\" data-element_type=\"section\">\n\t\t\t\t\t\t<div class=\"elementor-container elementor-column-gap-default\">\n\t\t\t\t\t<div class=\"elementor-column elementor-col-33 elementor-top-column elementor-element elementor-element-65de533\" data-id=\"65de533\" data-element_type=\"column\">\n\t\t\t<div class=\"elementor-widget-wrap elementor-element-populated\">\n\t\t\t\t\t\t\t\t<div class=\"elementor-element elementor-element-7617637 elementor-widget elementor-widget-image\" data-id=\"7617637\" data-element_type=\"widget\" data-widget_type=\"image.default\">\n\t\t\t\t<div class=\"elementor-widget-container\">\n\t\t\t<style>\/*! elementor - v3.6.7 - 03-07-2022 *\/\n.elementor-widget-image{text-align:center}.elementor-widget-image a{display:inline-block}.elementor-widget-image a img[src$=\".svg\"]{width:48px}.elementor-widget-image img{vertical-align:middle;display:inline-block}<\/style>\t\t\t\t\t\t\t\t\t\t\t\t<img loading=\"lazy\" decoding=\"async\" width=\"300\" height=\"300\" src=\"https:\/\/poemesasso.fr\/wp-content\/uploads\/2022\/07\/HDN.jpg\" class=\"attachment-large size-large\" alt=\"\" srcset=\"https:\/\/poemesasso.fr\/wp-content\/uploads\/2022\/07\/HDN.jpg 300w, https:\/\/poemesasso.fr\/wp-content\/uploads\/2022\/07\/HDN-150x150.jpg 150w\" sizes=\"auto, (max-width: 300px) 100vw, 300px\" \/>\t\t\t\t\t\t\t\t\t\t\t\t\t\t\t<\/div>\n\t\t\t\t<\/div>\n\t\t\t\t\t<\/div>\n\t\t<\/div>\n\t\t\t\t<div class=\"elementor-column elementor-col-33 elementor-top-column elementor-element elementor-element-eb6af87\" data-id=\"eb6af87\" data-element_type=\"column\">\n\t\t\t<div class=\"elementor-widget-wrap elementor-element-populated\">\n\t\t\t\t\t\t\t\t<div class=\"elementor-element elementor-element-2e26360 elementor-widget__width-initial elementor-absolute elementor-widget elementor-widget-text-editor\" data-id=\"2e26360\" data-element_type=\"widget\" data-settings=\"{&quot;_position&quot;:&quot;absolute&quot;}\" data-widget_type=\"text-editor.default\">\n\t\t\t\t<div class=\"elementor-widget-container\">\n\t\t\t<style>\/*! elementor - v3.6.7 - 03-07-2022 *\/\n.elementor-widget-text-editor.elementor-drop-cap-view-stacked .elementor-drop-cap{background-color:#818a91;color:#fff}.elementor-widget-text-editor.elementor-drop-cap-view-framed .elementor-drop-cap{color:#818a91;border:3px solid;background-color:transparent}.elementor-widget-text-editor:not(.elementor-drop-cap-view-default) .elementor-drop-cap{margin-top:8px}.elementor-widget-text-editor:not(.elementor-drop-cap-view-default) .elementor-drop-cap-letter{width:1em;height:1em}.elementor-widget-text-editor .elementor-drop-cap{float:left;text-align:center;line-height:1;font-size:50px}.elementor-widget-text-editor .elementor-drop-cap-letter{display:inline-block}<\/style>\t\t\t\t<p><span style=\"color: var( --e-global-color-text ); font-family: var( --e-global-typography-text-font-family ), Sans-serif; font-size: var( --e-global-typography-text-font-size ); font-style: var( --e-global-typography-text-font-style ); font-weight: var( --e-global-typography-text-font-weight ); letter-spacing: var( --e-global-typography-text-letter-spacing ); text-transform: var( --e-global-typography-text-text-transform ); background-color: var( --e-global-color-c696dce );\">Le p\u00f4le p\u00e9diatrie au sein de POEMES organise chaque ann\u00e9e un\u00a0<span style=\"font-weight: bolder;\">H\u00f4pital des Nounours<\/span>\u00a0(HdN) pendant le mois de mars. Il s\u2019agit d\u2019un \u00e9v\u00e8nement national cr\u00e9\u00e9 par\u00a0<span style=\"font-weight: bolder;\">l\u2019Association Nationale des Etudiants en M\u00e9decine de France<\/span> (ANEMF).<\/span><\/p>\t\t\t\t\t\t<\/div>\n\t\t\t\t<\/div>\n\t\t\t\t\t<\/div>\n\t\t<\/div>\n\t\t\t\t<div class=\"elementor-column elementor-col-33 elementor-top-column elementor-element elementor-element-ce51f88\" data-id=\"ce51f88\" data-element_type=\"column\">\n\t\t\t<div class=\"elementor-widget-wrap elementor-element-populated\">\n\t\t\t\t\t\t\t\t<div class=\"elementor-element elementor-element-6292dd2 elementor-widget elementor-widget-image\" data-id=\"6292dd2\" data-element_type=\"widget\" data-widget_type=\"image.default\">\n\t\t\t\t<div class=\"elementor-widget-container\">\n\t\t\t\t\t\t\t\t\t\t\t\t\t\t\t<img loading=\"lazy\" decoding=\"async\" width=\"800\" height=\"524\" src=\"https:\/\/poemesasso.fr\/wp-content\/uploads\/2023\/05\/ANEMF-1024x671.png\" class=\"attachment-large size-large\" alt=\"\" srcset=\"https:\/\/poemesasso.fr\/wp-content\/uploads\/2023\/05\/ANEMF-1024x671.png 1024w, https:\/\/poemesasso.fr\/wp-content\/uploads\/2023\/05\/ANEMF-300x197.png 300w, https:\/\/poemesasso.fr\/wp-content\/uploads\/2023\/05\/ANEMF-768x503.png 768w, https:\/\/poemesasso.fr\/wp-content\/uploads\/2023\/05\/ANEMF.png 1200w\" sizes=\"auto, (max-width: 800px) 100vw, 800px\" \/>\t\t\t\t\t\t\t\t\t\t\t\t\t\t\t<\/div>\n\t\t\t\t<\/div>\n\t\t\t\t\t<\/div>\n\t\t<\/div>\n\t\t\t\t\t\t\t<\/div>\n\t\t<\/section>\n\t\t\t\t<section class=\"elementor-section elementor-top-section elementor-element elementor-element-d4c7a5f elementor-section-boxed elementor-section-height-default elementor-section-height-default\" data-id=\"d4c7a5f\" data-element_type=\"section\">\n\t\t\t\t\t\t<div class=\"elementor-container elementor-column-gap-default\">\n\t\t\t\t\t<div class=\"elementor-column elementor-col-100 elementor-top-column elementor-element elementor-element-bad13bb\" data-id=\"bad13bb\" data-element_type=\"column\">\n\t\t\t<div class=\"elementor-widget-wrap elementor-element-populated\">\n\t\t\t\t\t\t\t\t<div class=\"elementor-element elementor-element-9dba691 elementor-widget elementor-widget-text-editor\" data-id=\"9dba691\" data-element_type=\"widget\" data-widget_type=\"text-editor.default\">\n\t\t\t\t<div class=\"elementor-widget-container\">\n\t\t\t\t\t\t\t<p><\/p>\n<p><span style=\"color: var( --e-global-color-text ); font-family: var( --e-global-typography-text-font-family ), Sans-serif; font-size: var( --e-global-typography-text-font-size ); font-style: var( --e-global-typography-text-font-style ); font-weight: var( --e-global-typography-text-font-weight ); letter-spacing: var( --e-global-typography-text-letter-spacing ); text-transform: var( --e-global-typography-text-text-transform ); background-color: var( --e-global-color-c696dce );\">Cet \u00e9v\u00e9nement a pour but de d\u00e9dramatiser le monde de l\u2019h\u00f4pital aupr\u00e8s d\u2019enfants de&nbsp;<\/span><span style=\"font-weight: bolder; color: var( --e-global-color-text ); font-family: var( --e-global-typography-text-font-family ), Sans-serif; font-size: var( --e-global-typography-text-font-size ); font-style: var( --e-global-typography-text-font-style ); letter-spacing: var( --e-global-typography-text-letter-spacing ); text-transform: var( --e-global-typography-text-text-transform ); background-color: var( --e-global-color-c696dce );\">grande section<\/span><span style=\"color: var( --e-global-color-text ); font-family: var( --e-global-typography-text-font-family ), Sans-serif; font-size: var( --e-global-typography-text-font-size ); font-style: var( --e-global-typography-text-font-style ); font-weight: var( --e-global-typography-text-font-weight ); letter-spacing: var( --e-global-typography-text-letter-spacing ); text-transform: var( --e-global-typography-text-text-transform ); background-color: var( --e-global-color-c696dce );\">&nbsp;de maternelle.<\/span><\/p><p><span style=\"color: var( --e-global-color-text ); font-family: var( --e-global-typography-text-font-family ), Sans-serif; font-size: var( --e-global-typography-text-font-size ); font-style: var( --e-global-typography-text-font-style ); font-weight: var( --e-global-typography-text-font-weight ); letter-spacing: var( --e-global-typography-text-letter-spacing ); text-transform: var( --e-global-typography-text-text-transform ); background-color: var( --e-global-color-c696dce );\">Ces derniers viennent avec leur&nbsp;<\/span><span style=\"font-weight: bolder; color: var( --e-global-color-text ); font-family: var( --e-global-typography-text-font-family ), Sans-serif; font-size: var( --e-global-typography-text-font-size ); font-style: var( --e-global-typography-text-font-style ); letter-spacing: var( --e-global-typography-text-letter-spacing ); text-transform: var( --e-global-typography-text-text-transform ); background-color: var( --e-global-color-c696dce );\">nounours malade<\/span><span style=\"color: var( --e-global-color-text ); font-family: var( --e-global-typography-text-font-family ), Sans-serif; font-size: var( --e-global-typography-text-font-size ); font-style: var( --e-global-typography-text-font-style ); font-weight: var( --e-global-typography-text-font-weight ); letter-spacing: var( --e-global-typography-text-letter-spacing ); text-transform: var( --e-global-typography-text-text-transform ); background-color: var( --e-global-color-c696dce );\">&nbsp;dans un&nbsp;<\/span><span style=\"font-weight: bolder; color: var( --e-global-color-text ); font-family: var( --e-global-typography-text-font-family ), Sans-serif; font-size: var( --e-global-typography-text-font-size ); font-style: var( --e-global-typography-text-font-style ); letter-spacing: var( --e-global-typography-text-letter-spacing ); text-transform: var( --e-global-typography-text-text-transform ); background-color: var( --e-global-color-c696dce );\">faux h\u00f4pital<\/span><span style=\"color: var( --e-global-color-text ); font-family: var( --e-global-typography-text-font-family ), Sans-serif; font-size: var( --e-global-typography-text-font-size ); font-style: var( --e-global-typography-text-font-style ); font-weight: var( --e-global-typography-text-font-weight ); letter-spacing: var( --e-global-typography-text-letter-spacing ); text-transform: var( --e-global-typography-text-text-transform ); background-color: var( --e-global-color-c696dce );\">&nbsp;qui leur est r\u00e9serv\u00e9 et dont nous,&nbsp;<\/span><span style=\"font-weight: bolder; color: var( --e-global-color-text ); font-family: var( --e-global-typography-text-font-family ), Sans-serif; font-size: var( --e-global-typography-text-font-size ); font-style: var( --e-global-typography-text-font-style ); letter-spacing: var( --e-global-typography-text-letter-spacing ); text-transform: var( --e-global-typography-text-text-transform ); background-color: var( --e-global-color-c696dce );\">\u00e9tudiants en m\u00e9decine de 2<span style=\"font-size: 12px; line-height: 0; position: relative; vertical-align: baseline; top: -0.5em;\">\u00e8me<\/span>&nbsp;et 3<span style=\"font-size: 12px; line-height: 0; position: relative; vertical-align: baseline; top: -0.5em;\">\u00e8me<\/span>&nbsp;ann\u00e9e<\/span><span style=\"color: var( --e-global-color-text ); font-family: var( --e-global-typography-text-font-family ), Sans-serif; font-size: var( --e-global-typography-text-font-size ); font-style: var( --e-global-typography-text-font-style ); font-weight: var( --e-global-typography-text-font-weight ); letter-spacing: var( --e-global-typography-text-letter-spacing ); text-transform: var( --e-global-typography-text-text-transform ); background-color: var( --e-global-color-c696dce );\">, nous occupons, cr\u00e9ons et animons. Nous accompagnons ainsi les enfants le long d\u2019un&nbsp;<\/span><span style=\"font-weight: bolder; color: var( --e-global-color-text ); font-family: var( --e-global-typography-text-font-family ), Sans-serif; font-size: var( --e-global-typography-text-font-size ); font-style: var( --e-global-typography-text-font-style ); letter-spacing: var( --e-global-typography-text-letter-spacing ); text-transform: var( --e-global-typography-text-text-transform ); background-color: var( --e-global-color-c696dce );\">parcours de soin<\/span><span style=\"color: var( --e-global-color-text ); font-family: var( --e-global-typography-text-font-family ), Sans-serif; font-size: var( --e-global-typography-text-font-size ); font-style: var( --e-global-typography-text-font-style ); font-weight: var( --e-global-typography-text-font-weight ); letter-spacing: var( --e-global-typography-text-letter-spacing ); text-transform: var( --e-global-typography-text-text-transform ); background-color: var( --e-global-color-c696dce );\">&nbsp;(consultation, bloc op\u00e9ratoire, salle de r\u00e9veil, salle de radiologie, poste de soin, etc\u2026) afin qu\u2019ils puissent repartir avec leur nounours gu\u00e9ri.<\/span><\/p>\t\t\t\t\t\t<\/div>\n\t\t\t\t<\/div>\n\t\t\t\t\t<\/div>\n\t\t<\/div>\n\t\t\t\t\t\t\t<\/div>\n\t\t<\/section>\n\t\t\t\t<section class=\"elementor-section elementor-top-section elementor-element elementor-element-c09e4c2 elementor-section-boxed elementor-section-height-default elementor-section-height-default\" data-id=\"c09e4c2\" data-element_type=\"section\">\n\t\t\t\t\t\t<div class=\"elementor-container elementor-column-gap-default\">\n\t\t\t\t\t<div class=\"elementor-column elementor-col-100 elementor-top-column elementor-element elementor-element-3b26996\" data-id=\"3b26996\" data-element_type=\"column\">\n\t\t\t<div class=\"elementor-widget-wrap elementor-element-populated\">\n\t\t\t\t\t\t\t\t<div class=\"elementor-element elementor-element-4a5bb13 elementor-widget elementor-widget-image\" data-id=\"4a5bb13\" data-element_type=\"widget\" data-widget_type=\"image.default\">\n\t\t\t\t<div class=\"elementor-widget-container\">\n\t\t\t\t\t\t\t\t\t\t\t\t\t\t\t<img decoding=\"async\" src=\"https:\/\/poemesasso.fr\/wp-content\/uploads\/2023\/05\/Le-medecin-generaliste.png\" title=\"Le m\u00e9decin g\u00e9n\u00e9raliste\" alt=\"Le m\u00e9decin g\u00e9n\u00e9raliste\" \/>\t\t\t\t\t\t\t\t\t\t\t\t\t\t\t<\/div>\n\t\t\t\t<\/div>\n\t\t\t\t\t<\/div>\n\t\t<\/div>\n\t\t\t\t\t\t\t<\/div>\n\t\t<\/section>\n\t\t\t\t<section class=\"elementor-section elementor-top-section elementor-element elementor-element-070b7c4 elementor-section-boxed elementor-section-height-default elementor-section-height-default\" data-id=\"070b7c4\" data-element_type=\"section\">\n\t\t\t\t\t\t<div class=\"elementor-container elementor-column-gap-default\">\n\t\t\t\t\t<div class=\"elementor-column elementor-col-100 elementor-top-column elementor-element elementor-element-dc02f0b\" data-id=\"dc02f0b\" data-element_type=\"column\">\n\t\t\t<div class=\"elementor-widget-wrap elementor-element-populated\">\n\t\t\t\t\t\t\t\t<div class=\"elementor-element elementor-element-15bbad9 elementor-widget elementor-widget-text-editor\" data-id=\"15bbad9\" data-element_type=\"widget\" data-widget_type=\"text-editor.default\">\n\t\t\t\t<div class=\"elementor-widget-container\">\n\t\t\t\t\t\t\t<p><span style=\"color: var( --e-global-color-text ); font-family: var( --e-global-typography-text-font-family ), Sans-serif; font-size: var( --e-global-typography-text-font-size ); font-style: var( --e-global-typography-text-font-style ); font-weight: var( --e-global-typography-text-font-weight ); letter-spacing: var( --e-global-typography-text-letter-spacing ); text-transform: var( --e-global-typography-text-text-transform ); background-color: var( --e-global-color-c696dce );\">Il nous tient \u00e0 c\u0153ur, \u00e0 travers ces journ\u00e9es aupr\u00e8s des enfants, de leur montrer qu\u2019<strong>un h\u00f4pital a pour but de soigner et non d\u2019effrayer.<\/strong> En effet, nous pensons qu\u2019il est n\u00e9cessaire, en tant que futurs soignants, d\u2019apprendre \u00e0 adapter notre comportement face aux enfants et adolescents malades et hospitalis\u00e9s. Nous voulons <strong>apprendre \u00e0 les comprendre<\/strong> afin de toujours <strong>mieux les soigner<\/strong>.<\/span><\/p><p>Dans notre facult\u00e9, \u00e0 Paris Ouest, nous avons r\u00e9ussi \u00e0 instaurer l\u2019HdN dans les \u00e9coles de<strong> sept villes<\/strong> des alentours : V\u00e9lizy, Versailles, Saint-Nom-la-Bret\u00e8che, Saint-Cyr, Bois d\u2019Arcy, Buc et Jouy-en-Josas.<\/p><p>L\u2019HdN suscite <strong>beaucoup d\u2019engouement<\/strong>, aussi bien de la part des enfants, des instituteurs, et que des parents. En effet, les enfants sont g\u00e9n\u00e9ralement ravis de leur journ\u00e9e et sont heureux de <strong>faire soigner leur doudou<\/strong> au sein de cet \u00ab\u00a0H\u00f4pital des Nounours\u00a0\u00bb que nous cr\u00e9ons.<\/p><p>Finalement, l\u2019HdN est un projet qui permet aux enfants de d\u00e9couvrir pas \u00e0 pas le monde de l\u2019h\u00f4pital en \u00e9tant <strong>acteur des soins envers leur doudou<\/strong>. Il permet \u00e9galement aux \u00e9tudiants de se retrouver face \u00e0 des enfants et de se rendre compte de la <strong>peur<\/strong> et <strong>l\u2019angoisse<\/strong> <strong>que peut susciter l\u2019h\u00f4pital<\/strong> chez les plus jeunes. C\u2019est donc un <strong>projet p\u00e9dagogique<\/strong> extr\u00eamement enrichissant pour tous, autant les enfants que les \u00e9tudiants.<\/p>\t\t\t\t\t\t<\/div>\n\t\t\t\t<\/div>\n\t\t\t\t\t<\/div>\n\t\t<\/div>\n\t\t\t\t\t\t\t<\/div>\n\t\t<\/section>\n\t\t\t\t\t\t\t<\/div>\n\t\t","protected":false},"excerpt":{"rendered":"<p>L&rsquo;h\u00f4pital des nounours Le p\u00f4le p\u00e9diatrie au sein de POEMES organise chaque ann\u00e9e un\u00a0H\u00f4pital des Nounours\u00a0(HdN) pendant le mois de mars. Il s\u2019agit d\u2019un \u00e9v\u00e8nement national cr\u00e9\u00e9 par\u00a0l\u2019Association Nationale des Etudiants en M\u00e9decine de France (ANEMF). Cet \u00e9v\u00e9nement a pour but de d\u00e9dramatiser le monde de l\u2019h\u00f4pital aupr\u00e8s d\u2019enfants de&nbsp;grande section&nbsp;de maternelle. Ces derniers viennent [&hellip;]<\/p>\n","protected":false},"author":1,"featured_media":0,"parent":0,"menu_order":0,"comment_status":"closed","ping_status":"closed","template":"elementor_header_footer","meta":{"footnotes":""},"class_list":["post-266","page","type-page","status-publish","hentry"],"_links":{"self":[{"href":"https:\/\/poemesasso.fr\/index.php\/wp-json\/wp\/v2\/pages\/266","targetHints":{"allow":["GET"]}}],"collection":[{"href":"https:\/\/poemesasso.fr\/index.php\/wp-json\/wp\/v2\/pages"}],"about":[{"href":"https:\/\/poemesasso.fr\/index.php\/wp-json\/wp\/v2\/types\/page"}],"author":[{"embeddable":true,"href":"https:\/\/poemesasso.fr\/index.php\/wp-json\/wp\/v2\/users\/1"}],"replies":[{"embeddable":true,"href":"https:\/\/poemesasso.fr\/index.php\/wp-json\/wp\/v2\/comments?post=266"}],"version-history":[{"count":7,"href":"https:\/\/poemesasso.fr\/index.php\/wp-json\/wp\/v2\/pages\/266\/revisions"}],"predecessor-version":[{"id":806,"href":"https:\/\/poemesasso.fr\/index.php\/wp-json\/wp\/v2\/pages\/266\/revisions\/806"}],"wp:attachment":[{"href":"https:\/\/poemesasso.fr\/index.php\/wp-json\/wp\/v2\/media?parent=266"}],"curies":[{"name":"wp","href":"https:\/\/api.w.org\/{rel}","templated":true}]}}